{"id":126,"date":"2023-08-23T11:26:01","date_gmt":"2023-08-23T11:26:01","guid":{"rendered":"https:\/\/www.glenpricegroup.com\/upkmdqa\/?page_id=126"},"modified":"2023-08-23T11:26:41","modified_gmt":"2023-08-23T11:26:41","slug":"aug-2023-spanish","status":"publish","type":"page","link":"https:\/\/www.glenpricegroup.com\/upkmdqa\/aug-2023-spanish\/","title":{"rendered":"August 2023 Workgroup Meeting Information \u2013 Spanish"},"content":{"rendered":"\n<h1 class=\"wp-block-heading\"><strong>Plataformas de Grupos de Trabajo de Entrega Mixta UPK<\/strong><\/h1>\n\n\n\n<h2 class=\"wp-block-heading\"><strong>Participaci\u00f3n P\u00fablica &#8211; Comentario P\u00fablico<\/strong><\/h2>\n\n\n\n<p>Para acceder al formulario de comentarios p\u00fablicos, por favor visita el siguiente enlace: <a href=\"https:\/\/forms.gle\/ahfEk3bcJ7HG8M2o6\">https:\/\/forms.gle\/ahfEk3bcJ7HG8M2o6<\/a><\/p>\n\n\n\n<h2 class=\"wp-block-heading\"><strong>Participaci\u00f3n en Grupo de Trabajo &#8211; Comentarios Sobre el Borrador del Informe<\/strong><\/h2>\n\n\n\n<p>Para acceder al formulario de comentarios del borrador del informe, por favor visite el siguiente enlace: <a href=\"https:\/\/forms.gle\/ReksJFxJ3yNmigBk8\">https:\/\/forms.gle\/ReksJFxJ3yNmigBk8<\/a><\/p>\n\n\n\n<h2 class=\"wp-block-heading\"><strong>Todos los materiales &#8211; Educadores de California Juntos<\/strong><\/h2>\n\n\n\n<p>Por favor, visite el siguiente enlace para obtener informaci\u00f3n sobre el Grupo de Trabajo de Entrega Mixta UPK, incluyendo, pero no limitado a: documentos de proceso fundamentales, agendas, materiales de presentaci\u00f3n y grabaciones de reuniones. <a href=\"https:\/\/www.caeducatorstogether.org\/groups\/bzsgmy7y\/upk-mixed-delivery-quality-and-access-workgroup\">caeducatorstogether.org\/groups\/bzsgmy7y\/upk-mixed-delivery-quality-and-access-workgroup<\/a><\/p>\n","protected":false},"excerpt":{"rendered":"<p>Plataformas de Grupos de Trabajo de Entrega Mixta UPK Participaci\u00f3n P\u00fablica &#8211; Comentario P\u00fablico Para acceder al formulario de comentarios p\u00fablicos, por favor visita el siguiente enlace: https:\/\/forms.gle\/ahfEk3bcJ7HG8M2o6 Participaci\u00f3n en Grupo de Trabajo &#8211; Comentarios Sobre el Borrador del Informe Para acceder al formulario de comentarios del borrador del informe, por favor visite el siguiente &hellip;<\/p>\n<p class=\"read-more\"> <a class=\"\" href=\"https:\/\/www.glenpricegroup.com\/upkmdqa\/aug-2023-spanish\/\"> <span class=\"screen-reader-text\">August 2023 Workgroup Meeting Information \u2013 Spanish<\/span> Read More &raquo;<\/a><\/p>\n","protected":false},"author":1,"featured_media":0,"parent":0,"menu_order":0,"comment_status":"closed","ping_status":"closed","template":"","meta":{"site-sidebar-layout":"default","site-content-layout":"default","ast-global-header-display":"","ast-main-header-display":"","ast-hfb-above-header-display":"","ast-hfb-below-header-display":"","ast-hfb-mobile-header-display":"","site-post-title":"","ast-breadcrumbs-content":"","ast-featured-img":"","footer-sml-layout":"","theme-transparent-header-meta":"","adv-header-id-meta":"","stick-header-meta":"","header-above-stick-meta":"","header-main-stick-meta":"","header-below-stick-meta":"","footnotes":""},"class_list":["post-126","page","type-page","status-publish","hentry"],"_links":{"self":[{"href":"https:\/\/www.glenpricegroup.com\/upkmdqa\/wp-json\/wp\/v2\/pages\/126","targetHints":{"allow":["GET"]}}],"collection":[{"href":"https:\/\/www.glenpricegroup.com\/upkmdqa\/wp-json\/wp\/v2\/pages"}],"about":[{"href":"https:\/\/www.glenpricegroup.com\/upkmdqa\/wp-json\/wp\/v2\/types\/page"}],"author":[{"embeddable":true,"href":"https:\/\/www.glenpricegroup.com\/upkmdqa\/wp-json\/wp\/v2\/users\/1"}],"replies":[{"embeddable":true,"href":"https:\/\/www.glenpricegroup.com\/upkmdqa\/wp-json\/wp\/v2\/comments?post=126"}],"version-history":[{"count":1,"href":"https:\/\/www.glenpricegroup.com\/upkmdqa\/wp-json\/wp\/v2\/pages\/126\/revisions"}],"predecessor-version":[{"id":127,"href":"https:\/\/www.glenpricegroup.com\/upkmdqa\/wp-json\/wp\/v2\/pages\/126\/revisions\/127"}],"wp:attachment":[{"href":"https:\/\/www.glenpricegroup.com\/upkmdqa\/wp-json\/wp\/v2\/media?parent=126"}],"curies":[{"name":"wp","href":"https:\/\/api.w.org\/{rel}","templated":true}]}}