{"id":88,"date":"2023-05-25T14:19:19","date_gmt":"2023-05-25T14:19:19","guid":{"rendered":"https:\/\/www.glenpricegroup.com\/upkmdqa\/?page_id=88"},"modified":"2023-05-25T14:20:45","modified_gmt":"2023-05-25T14:20:45","slug":"may-2023-spanish","status":"publish","type":"page","link":"https:\/\/www.glenpricegroup.com\/upkmdqa\/may-2023-spanish\/","title":{"rendered":"May 2023 Workgroup Meeting Information \u2013 Spanish"},"content":{"rendered":"\n<h1 class=\"wp-block-heading\"><strong>Plataformas de Grupos de Trabajo de Entrega Mixta UPK<\/strong><\/h1>\n\n\n\n<h2 class=\"wp-block-heading\"><strong>Participaci\u00f3n P\u00fablica &#8211; Comentario P\u00fablico<\/strong><\/h2>\n\n\n\n<ul class=\"wp-block-list\">\n<li>Hay dos rondas de comentarios p\u00fablicos durante cada reuni\u00f3n del Grupo de Trabajo.<\/li>\n\n\n\n<li>Durante la primera ronda de comentarios p\u00fablicos, los miembros del p\u00fablico tendr\u00e1n la oportunidad de enviar comentarios por escrito sobre el tema del orden del d\u00eda 1 a trav\u00e9s de un formulario de Google. La primera ronda de comentarios p\u00fablicos se abrir\u00e1 al comienzo de la reuni\u00f3n y se cerrar\u00e1 al final del tema del orden del d\u00eda 1.<\/li>\n\n\n\n<li>La segunda ronda de comentarios p\u00fablicos ocurrir\u00e1 m\u00e1s tarde en la reuni\u00f3n. Esta ronda incluir\u00e1 un per\u00edodo de tiempo durante la reuni\u00f3n en el que los miembros del p\u00fablico podr\u00e1n hacer comentarios verbales. Esta ronda tambi\u00e9n incluir\u00e1 una oportunidad para comentarios escritos a trav\u00e9s de un formulario de Google, que permanecer\u00e1 abierto hasta una hora despu\u00e9s del final de la reuni\u00f3n del Grupo de Trabajo.<\/li>\n<\/ul>\n\n\n\n<p>Para acceder al formulario de comentarios p\u00fablicos para el primer punto del orden del d\u00eda, por favor visita el siguiente enlace: <a href=\"https:\/\/forms.gle\/9jV1GhZByNML4Pij8\">https:\/\/forms.gle\/9jV1GhZByNML4Pij8<\/a><\/p>\n\n\n\n<p>Para acceder al formulario de comentarios p\u00fablicos para el segundo punto del orden del d\u00eda, por favor visite el siguiente enlace: <a href=\"https:\/\/forms.gle\/CehEmdEmwg3PgqhU7\">https:\/\/forms.gle\/CehEmdEmwg3PgqhU7<\/a><\/p>\n\n\n\n<h2 class=\"wp-block-heading\"><strong>Participaci\u00f3n en Grupo de Trabajo &#8211; Plataforma de Discurso<\/strong><\/h2>\n\n\n\n<p>Para acceder a Discourse, la plataforma que permite a los miembros del grupo de trabajo compartir sus pensamientos e ideas con sus colegas, por favor visite este enlace que le dar\u00e1 la capacidad de seguir las discusiones: <a href=\"https:\/\/upkmdqawg.discourse.group\/t\/may-workgroup-meeting-discourse-channel\/91\/2\">https:\/\/upkmdqawg.discourse.group\/t\/may-workgroup-meeting-discourse-channel\/91\/2<\/a><\/p>\n\n\n\n<h2 class=\"wp-block-heading\"><strong>Todos los materiales &#8211; Educadores de California Juntos<\/strong><\/h2>\n\n\n\n<p>Por favor, visite el siguiente enlace para obtener informaci\u00f3n sobre el Grupo de Trabajo de Entrega Mixta UPK, incluyendo, pero no limitado a: documentos de proceso fundamentales, agendas, materiales de presentaci\u00f3n y grabaciones de reuniones. <a href=\"https:\/\/www.caeducatorstogether.org\/groups\/bzsgmy7y\/upk-mixed-delivery-quality-and-access-workgroup\">caeducatorstogether.org\/groups\/bzsgmy7y\/upk-mixed-delivery-quality-and-access-workgroup<\/a>&nbsp;<\/p>\n","protected":false},"excerpt":{"rendered":"<p>Plataformas de Grupos de Trabajo de Entrega Mixta UPK Participaci\u00f3n P\u00fablica &#8211; Comentario P\u00fablico Para acceder al formulario de comentarios p\u00fablicos para el primer punto del orden del d\u00eda, por favor visita el siguiente enlace: https:\/\/forms.gle\/9jV1GhZByNML4Pij8 Para acceder al formulario de comentarios p\u00fablicos para el segundo punto del orden del d\u00eda, por favor visite el &hellip;<\/p>\n<p class=\"read-more\"> <a class=\"\" href=\"https:\/\/www.glenpricegroup.com\/upkmdqa\/may-2023-spanish\/\"> <span class=\"screen-reader-text\">May 2023 Workgroup Meeting Information \u2013 Spanish<\/span> Read More &raquo;<\/a><\/p>\n","protected":false},"author":1,"featured_media":0,"parent":0,"menu_order":0,"comment_status":"closed","ping_status":"closed","template":"","meta":{"site-sidebar-layout":"default","site-content-layout":"default","ast-global-header-display":"","ast-main-header-display":"","ast-hfb-above-header-display":"","ast-hfb-below-header-display":"","ast-hfb-mobile-header-display":"","site-post-title":"","ast-breadcrumbs-content":"","ast-featured-img":"","footer-sml-layout":"","theme-transparent-header-meta":"","adv-header-id-meta":"","stick-header-meta":"","header-above-stick-meta":"","header-main-stick-meta":"","header-below-stick-meta":"","footnotes":""},"class_list":["post-88","page","type-page","status-publish","hentry"],"_links":{"self":[{"href":"https:\/\/www.glenpricegroup.com\/upkmdqa\/wp-json\/wp\/v2\/pages\/88","targetHints":{"allow":["GET"]}}],"collection":[{"href":"https:\/\/www.glenpricegroup.com\/upkmdqa\/wp-json\/wp\/v2\/pages"}],"about":[{"href":"https:\/\/www.glenpricegroup.com\/upkmdqa\/wp-json\/wp\/v2\/types\/page"}],"author":[{"embeddable":true,"href":"https:\/\/www.glenpricegroup.com\/upkmdqa\/wp-json\/wp\/v2\/users\/1"}],"replies":[{"embeddable":true,"href":"https:\/\/www.glenpricegroup.com\/upkmdqa\/wp-json\/wp\/v2\/comments?post=88"}],"version-history":[{"count":2,"href":"https:\/\/www.glenpricegroup.com\/upkmdqa\/wp-json\/wp\/v2\/pages\/88\/revisions"}],"predecessor-version":[{"id":91,"href":"https:\/\/www.glenpricegroup.com\/upkmdqa\/wp-json\/wp\/v2\/pages\/88\/revisions\/91"}],"wp:attachment":[{"href":"https:\/\/www.glenpricegroup.com\/upkmdqa\/wp-json\/wp\/v2\/media?parent=88"}],"curies":[{"name":"wp","href":"https:\/\/api.w.org\/{rel}","templated":true}]}}