{"id":99,"date":"2023-06-17T20:05:48","date_gmt":"2023-06-17T20:05:48","guid":{"rendered":"https:\/\/www.glenpricegroup.com\/upkmdqa\/?page_id=99"},"modified":"2023-06-17T20:05:48","modified_gmt":"2023-06-17T20:05:48","slug":"june-2023-spanish","status":"publish","type":"page","link":"https:\/\/www.glenpricegroup.com\/upkmdqa\/june-2023-spanish\/","title":{"rendered":"June 2023 Workgroup Meeting Information &#8211; Spanish"},"content":{"rendered":"\n<h1 class=\"wp-block-heading\"><strong>Plataformas de Grupos de Trabajo de Entrega Mixta UPK<\/strong><\/h1>\n\n\n\n<h2 class=\"wp-block-heading\"><strong>Participaci\u00f3n P\u00fablica &#8211; Comentario P\u00fablico<\/strong><\/h2>\n\n\n\n<p>Para acceder al formulario de comentarios p\u00fablicos para el primer punto del orden del d\u00eda, por favor visita el siguiente enlace: <a href=\"https:\/\/forms.gle\/b8Fn9siKvu6ukAJu7\">https:\/\/forms.gle\/b8Fn9siKvu6ukAJu7<\/a><\/p>\n\n\n\n<p>Para acceder al formulario de comentarios p\u00fablicos para el segundo punto del orden del d\u00eda, por favor visite el siguiente enlace: <a href=\"https:\/\/forms.gle\/SbvBkjMyrsEqbxEV6\">https:\/\/forms.gle\/SbvBkjMyrsEqbxEV6<\/a><\/p>\n\n\n\n<h2 class=\"wp-block-heading\"><strong>Participaci\u00f3n en Grupo de Trabajo &#8211; Plataforma de Discurso<\/strong><\/h2>\n\n\n\n<p>Para acceder a Discourse, la plataforma que permite a los miembros del grupo de trabajo compartir sus pensamientos e ideas con sus colegas, por favor visite este enlace que le dar\u00e1 la capacidad de seguir las discusiones: <a href=\"https:\/\/upkmdqawg.discourse.group\/t\/june-workgroup-meeting-discourse-channel\/100\/2\">https:\/\/upkmdqawg.discourse.group\/t\/june-workgroup-meeting-discourse-channel\/100\/2<\/a><\/p>\n\n\n\n<h2 class=\"wp-block-heading\"><strong>Todos los materiales &#8211; Educadores de California Juntos<\/strong><\/h2>\n\n\n\n<p>Por favor, visite el siguiente enlace para obtener informaci\u00f3n sobre el Grupo de Trabajo de Entrega Mixta UPK, incluyendo, pero no limitado a: documentos de proceso fundamentales, agendas, materiales de presentaci\u00f3n y grabaciones de reuniones. <a href=\"https:\/\/www.caeducatorstogether.org\/groups\/bzsgmy7y\/upk-mixed-delivery-quality-and-access-workgroup\">caeducatorstogether.org\/groups\/bzsgmy7y\/upk-mixed-delivery-quality-and-access-workgroup<\/a><\/p>\n","protected":false},"excerpt":{"rendered":"<p>Plataformas de Grupos de Trabajo de Entrega Mixta UPK Participaci\u00f3n P\u00fablica &#8211; Comentario P\u00fablico Para acceder al formulario de comentarios p\u00fablicos para el primer punto del orden del d\u00eda, por favor visita el siguiente enlace: https:\/\/forms.gle\/b8Fn9siKvu6ukAJu7 Para acceder al formulario de comentarios p\u00fablicos para el segundo punto del orden del d\u00eda, por favor visite el &hellip;<\/p>\n<p class=\"read-more\"> <a class=\"\" href=\"https:\/\/www.glenpricegroup.com\/upkmdqa\/june-2023-spanish\/\"> <span class=\"screen-reader-text\">June 2023 Workgroup Meeting Information &#8211; Spanish<\/span> Read More &raquo;<\/a><\/p>\n","protected":false},"author":1,"featured_media":0,"parent":0,"menu_order":0,"comment_status":"closed","ping_status":"closed","template":"","meta":{"site-sidebar-layout":"default","site-content-layout":"default","ast-global-header-display":"","ast-main-header-display":"","ast-hfb-above-header-display":"","ast-hfb-below-header-display":"","ast-hfb-mobile-header-display":"","site-post-title":"","ast-breadcrumbs-content":"","ast-featured-img":"","footer-sml-layout":"","theme-transparent-header-meta":"","adv-header-id-meta":"","stick-header-meta":"","header-above-stick-meta":"","header-main-stick-meta":"","header-below-stick-meta":"","footnotes":""},"class_list":["post-99","page","type-page","status-publish","hentry"],"_links":{"self":[{"href":"https:\/\/www.glenpricegroup.com\/upkmdqa\/wp-json\/wp\/v2\/pages\/99","targetHints":{"allow":["GET"]}}],"collection":[{"href":"https:\/\/www.glenpricegroup.com\/upkmdqa\/wp-json\/wp\/v2\/pages"}],"about":[{"href":"https:\/\/www.glenpricegroup.com\/upkmdqa\/wp-json\/wp\/v2\/types\/page"}],"author":[{"embeddable":true,"href":"https:\/\/www.glenpricegroup.com\/upkmdqa\/wp-json\/wp\/v2\/users\/1"}],"replies":[{"embeddable":true,"href":"https:\/\/www.glenpricegroup.com\/upkmdqa\/wp-json\/wp\/v2\/comments?post=99"}],"version-history":[{"count":1,"href":"https:\/\/www.glenpricegroup.com\/upkmdqa\/wp-json\/wp\/v2\/pages\/99\/revisions"}],"predecessor-version":[{"id":100,"href":"https:\/\/www.glenpricegroup.com\/upkmdqa\/wp-json\/wp\/v2\/pages\/99\/revisions\/100"}],"wp:attachment":[{"href":"https:\/\/www.glenpricegroup.com\/upkmdqa\/wp-json\/wp\/v2\/media?parent=99"}],"curies":[{"name":"wp","href":"https:\/\/api.w.org\/{rel}","templated":true}]}}